{"id":2,"date":"2025-11-14T10:59:56","date_gmt":"2025-11-14T10:59:56","guid":{"rendered":"https:\/\/tabernaarrien.rkinformatika.online\/?page_id=2"},"modified":"2026-03-16T15:14:39","modified_gmt":"2026-03-16T15:14:39","slug":"inicio","status":"publish","type":"page","link":"https:\/\/tabernaarrien.com\/eu\/","title":{"rendered":"Hasiera"},"content":{"rendered":"<div data-elementor-type=\"wp-page\" data-elementor-id=\"2\" class=\"elementor elementor-2\" data-elementor-post-type=\"page\">\n\t\t\t\t<div class=\"elementor-element elementor-element-11547c4 e-flex e-con-boxed e-con e-parent\" data-id=\"11547c4\" data-element_type=\"container\" data-e-type=\"container\" data-settings=\"{&quot;background_background&quot;:&quot;classic&quot;}\">\n\t\t\t\t\t<div class=\"e-con-inner\">\n\t\t<div class=\"elementor-element elementor-element-b4fd677 e-con-full e-flex e-con e-child\" data-id=\"b4fd677\" data-element_type=\"container\" data-e-type=\"container\">\n\t\t\t\t<div class=\"elementor-element elementor-element-d2145ee elementor-invisible elementor-widget elementor-widget-heading\" data-id=\"d2145ee\" data-element_type=\"widget\" data-e-type=\"widget\" data-settings=\"{&quot;_animation&quot;:&quot;fadeInDown&quot;}\" data-widget_type=\"heading.default\">\n\t\t\t\t\t<h2 class=\"elementor-heading-title elementor-size-default\">Esnatu eguna, gozatu mokadua!<\/h2>\t\t\t\t<\/div>\n\t\t\t\t<\/div>\n\t\t\t\t\t<\/div>\n\t\t\t\t<\/div>\n\t\t<div class=\"elementor-element elementor-element-8d05e58 e-flex e-con-boxed e-con e-parent\" data-id=\"8d05e58\" data-element_type=\"container\" data-e-type=\"container\" data-settings=\"{&quot;background_background&quot;:&quot;classic&quot;}\">\n\t\t\t\t\t<div class=\"e-con-inner\">\n\t\t<div class=\"elementor-element elementor-element-a516ea6 e-con-full e-flex e-con e-child\" data-id=\"a516ea6\" data-element_type=\"container\" data-e-type=\"container\">\n\t\t\t\t<div class=\"elementor-element elementor-element-4d8c98c elementor-widget elementor-widget-image\" data-id=\"4d8c98c\" data-element_type=\"widget\" data-e-type=\"widget\" data-widget_type=\"image.default\">\n\t\t\t\t\t\t\t\t\t\t\t\t\t\t\t<img decoding=\"async\" width=\"183\" height=\"191\" src=\"https:\/\/tabernaarrien.com\/wp-content\/uploads\/2025\/11\/icono_web.jpg\" class=\"attachment-2048x2048 size-2048x2048 wp-image-27\" alt=\"\" srcset=\"https:\/\/tabernaarrien.com\/wp-content\/uploads\/2025\/11\/icono_web.jpg 183w, https:\/\/tabernaarrien.com\/wp-content\/uploads\/2025\/11\/icono_web-11x12.jpg 11w\" sizes=\"(max-width: 183px) 100vw, 183px\" \/>\t\t\t\t\t\t\t\t\t\t\t\t\t\t\t<\/div>\n\t\t\t\t<div class=\"elementor-element elementor-element-78fe3f1 elementor-widget elementor-widget-heading\" data-id=\"78fe3f1\" data-element_type=\"widget\" data-e-type=\"widget\" data-widget_type=\"heading.default\">\n\t\t\t\t\t<h2 class=\"elementor-heading-title elementor-size-default\">Guri Buruz<\/h2>\t\t\t\t<\/div>\n\t\t\t\t<div class=\"elementor-element elementor-element-6e22fb5 elementor-widget elementor-widget-heading\" data-id=\"6e22fb5\" data-element_type=\"widget\" data-e-type=\"widget\" data-widget_type=\"heading.default\">\n\t\t\t\t\t<h2 class=\"elementor-heading-title elementor-size-default\">Hemen hobeto dakizu!<\/h2>\t\t\t\t<\/div>\n\t\t\t\t<div class=\"elementor-element elementor-element-e2b725e elementor-widget elementor-widget-text-editor\" data-id=\"e2b725e\" data-element_type=\"widget\" data-e-type=\"widget\" data-widget_type=\"text-editor.default\">\n\t\t\t\t\t\t\t\t\t<p>Gernika erdialdean dagoen taberna honetan giro atsegin eta atseginaz gozatu ahal izango duzu.<\/p><p>11 urte baino gehiago daramatzagu gure bezeroei zerbitzua ematen, eta zure bisita esperientzia gogoangarria izatea espero dugu.<\/p>\t\t\t\t\t\t\t\t<\/div>\n\t\t\t\t<\/div>\n\t\t<div class=\"elementor-element elementor-element-7ef7e1e e-con-full e-flex e-con e-child\" data-id=\"7ef7e1e\" data-element_type=\"container\" data-e-type=\"container\">\n\t\t\t\t<div class=\"elementor-element elementor-element-1b36a90 elementor-widget elementor-widget-image\" data-id=\"1b36a90\" data-element_type=\"widget\" data-e-type=\"widget\" data-widget_type=\"image.default\">\n\t\t\t\t\t\t\t\t\t\t\t\t\t\t\t<img fetchpriority=\"high\" decoding=\"async\" width=\"687\" height=\"852\" src=\"https:\/\/tabernaarrien.com\/wp-content\/uploads\/2025\/11\/Captura-desde-2025-11-14-14-19-56.png\" class=\"attachment-large size-large wp-image-156\" alt=\"\" srcset=\"https:\/\/tabernaarrien.com\/wp-content\/uploads\/2025\/11\/Captura-desde-2025-11-14-14-19-56.png 687w, https:\/\/tabernaarrien.com\/wp-content\/uploads\/2025\/11\/Captura-desde-2025-11-14-14-19-56-242x300.png 242w, https:\/\/tabernaarrien.com\/wp-content\/uploads\/2025\/11\/Captura-desde-2025-11-14-14-19-56-10x12.png 10w\" sizes=\"(max-width: 687px) 100vw, 687px\" \/>\t\t\t\t\t\t\t\t\t\t\t\t\t\t\t<\/div>\n\t\t\t\t<\/div>\n\t\t\t\t\t<\/div>\n\t\t\t\t<\/div>\n\t\t<div class=\"elementor-element elementor-element-f5ae432 e-flex e-con-boxed e-con e-parent\" data-id=\"f5ae432\" data-element_type=\"container\" data-e-type=\"container\" data-settings=\"{&quot;background_background&quot;:&quot;classic&quot;}\">\n\t\t\t\t\t<div class=\"e-con-inner\">\n\t\t\t\t<div class=\"elementor-element elementor-element-f2fc2d6 elementor-invisible elementor-widget elementor-widget-heading\" data-id=\"f2fc2d6\" data-element_type=\"widget\" data-e-type=\"widget\" data-settings=\"{&quot;_animation&quot;:&quot;fadeInRight&quot;}\" data-widget_type=\"heading.default\">\n\t\t\t\t\t<h2 class=\"elementor-heading-title elementor-size-default\">Gosariak mimoz, ogitartekoak bihotzez!<\/h2>\t\t\t\t<\/div>\n\t\t\t\t<div class=\"elementor-element elementor-element-585e98b elementor-tablet-align-center elementor-invisible elementor-widget elementor-widget-button\" data-id=\"585e98b\" data-element_type=\"widget\" data-e-type=\"widget\" data-settings=\"{&quot;_animation&quot;:&quot;fadeInLeft&quot;}\" data-widget_type=\"button.default\">\n\t\t\t\t\t\t\t\t\t\t<a class=\"elementor-button elementor-button-link elementor-size-sm elementor-animation-pop\" href=\"\/eu\/servicios\/\">\n\t\t\t\t\t\t<span class=\"elementor-button-content-wrapper\">\n\t\t\t\t\t\t\t\t\t<span class=\"elementor-button-text\">Zerbitzuak<\/span>\n\t\t\t\t\t<\/span>\n\t\t\t\t\t<\/a>\n\t\t\t\t\t\t\t\t<\/div>\n\t\t\t\t\t<\/div>\n\t\t\t\t<\/div>\n\t\t\t\t<\/div>","protected":false},"excerpt":{"rendered":"<p>\u00a1Despierta el d\u00eda, disfruta el bocado! Sobre Nosotros \u00a1Aqu\u00ed sabe mejor! Bar situado en el centro de Gernika, donde podr\u00e1s disfrutar de un ambiente acogedor y agradable. Con m\u00e1s de 11 a\u00f1os dando servicio a nuestros clientes, esperamos hacer de tu visita una experiencia memorable. \u00a1Desayunos con mimo, bocadillos con alma! Servicios<\/p>","protected":false},"author":1,"featured_media":0,"parent":0,"menu_order":0,"comment_status":"closed","ping_status":"closed","template":"elementor_canvas","meta":{"footnotes":""},"class_list":["post-2","page","type-page","status-publish","hentry"],"yoast_head":"<!-- This site is optimized with the Yoast SEO plugin v27.3 - https:\/\/yoast.com\/product\/yoast-seo-wordpress\/ -->\n<title>Inicio - Taberna Arrien<\/title>\n<meta name=\"robots\" content=\"index, follow, max-snippet:-1, max-image-preview:large, max-video-preview:-1\" \/>\n<link rel=\"canonical\" href=\"https:\/\/tabernaarrien.com\/eu\/\" \/>\n<meta property=\"og:locale\" content=\"en_US\" \/>\n<meta property=\"og:type\" content=\"article\" \/>\n<meta property=\"og:title\" content=\"Inicio - Taberna Arrien\" \/>\n<meta property=\"og:description\" content=\"\u00a1Despierta el d\u00eda, disfruta el bocado! Sobre Nosotros \u00a1Aqu\u00ed sabe mejor! Bar situado en el centro de Gernika, donde podr\u00e1s disfrutar de un ambiente acogedor y agradable. Con m\u00e1s de 11 a\u00f1os dando servicio a nuestros clientes, esperamos hacer de tu visita una experiencia memorable. \u00a1Desayunos con mimo, bocadillos con alma! Servicios\" \/>\n<meta property=\"og:url\" content=\"https:\/\/tabernaarrien.com\/eu\/\" \/>\n<meta property=\"og:site_name\" content=\"Taberna Arrien\" \/>\n<meta property=\"article:modified_time\" content=\"2026-03-16T15:14:39+00:00\" \/>\n<meta property=\"og:image\" content=\"https:\/\/tabernaarrien.com\/wp-content\/uploads\/2025\/11\/icono_web.jpg\" \/>\n\t<meta property=\"og:image:width\" content=\"183\" \/>\n\t<meta property=\"og:image:height\" content=\"191\" \/>\n\t<meta property=\"og:image:type\" content=\"image\/jpeg\" \/>\n<meta name=\"twitter:card\" content=\"summary_large_image\" \/>\n<meta name=\"twitter:label1\" content=\"Est. reading time\" \/>\n\t<meta name=\"twitter:data1\" content=\"1 minutua\" \/>\n<script type=\"application\/ld+json\" class=\"yoast-schema-graph\">{\"@context\":\"https:\\\/\\\/schema.org\",\"@graph\":[{\"@type\":\"WebPage\",\"@id\":\"https:\\\/\\\/tabernaarrien.com\\\/\",\"url\":\"https:\\\/\\\/tabernaarrien.com\\\/\",\"name\":\"Inicio - Taberna Arrien\",\"isPartOf\":{\"@id\":\"https:\\\/\\\/tabernaarrien.com\\\/eu\\\/#website\"},\"primaryImageOfPage\":{\"@id\":\"https:\\\/\\\/tabernaarrien.com\\\/#primaryimage\"},\"image\":{\"@id\":\"https:\\\/\\\/tabernaarrien.com\\\/#primaryimage\"},\"thumbnailUrl\":\"https:\\\/\\\/tabernaarrien.com\\\/wp-content\\\/uploads\\\/2025\\\/11\\\/icono_web.jpg\",\"datePublished\":\"2025-11-14T10:59:56+00:00\",\"dateModified\":\"2026-03-16T15:14:39+00:00\",\"breadcrumb\":{\"@id\":\"https:\\\/\\\/tabernaarrien.com\\\/#breadcrumb\"},\"inLanguage\":\"eu\",\"potentialAction\":[{\"@type\":\"ReadAction\",\"target\":[\"https:\\\/\\\/tabernaarrien.com\\\/\"]}]},{\"@type\":\"ImageObject\",\"inLanguage\":\"eu\",\"@id\":\"https:\\\/\\\/tabernaarrien.com\\\/#primaryimage\",\"url\":\"https:\\\/\\\/tabernaarrien.com\\\/wp-content\\\/uploads\\\/2025\\\/11\\\/icono_web.jpg\",\"contentUrl\":\"https:\\\/\\\/tabernaarrien.com\\\/wp-content\\\/uploads\\\/2025\\\/11\\\/icono_web.jpg\"},{\"@type\":\"BreadcrumbList\",\"@id\":\"https:\\\/\\\/tabernaarrien.com\\\/#breadcrumb\",\"itemListElement\":[{\"@type\":\"ListItem\",\"position\":1,\"name\":\"Portada\",\"item\":\"https:\\\/\\\/tabernaarrien.com\\\/\"},{\"@type\":\"ListItem\",\"position\":2,\"name\":\"Inicio\"}]},{\"@type\":\"WebSite\",\"@id\":\"https:\\\/\\\/tabernaarrien.com\\\/eu\\\/#website\",\"url\":\"https:\\\/\\\/tabernaarrien.com\\\/eu\\\/\",\"name\":\"Taberna Arrien\",\"description\":\"Taberna Arrien\",\"publisher\":{\"@id\":\"https:\\\/\\\/tabernaarrien.com\\\/eu\\\/#organization\"},\"potentialAction\":[{\"@type\":\"SearchAction\",\"target\":{\"@type\":\"EntryPoint\",\"urlTemplate\":\"https:\\\/\\\/tabernaarrien.com\\\/eu\\\/?s={search_term_string}\"},\"query-input\":{\"@type\":\"PropertyValueSpecification\",\"valueRequired\":true,\"valueName\":\"search_term_string\"}}],\"inLanguage\":\"eu\"},{\"@type\":\"Organization\",\"@id\":\"https:\\\/\\\/tabernaarrien.com\\\/eu\\\/#organization\",\"name\":\"Taberna Arrien\",\"url\":\"https:\\\/\\\/tabernaarrien.com\\\/eu\\\/\",\"logo\":{\"@type\":\"ImageObject\",\"inLanguage\":\"eu\",\"@id\":\"https:\\\/\\\/tabernaarrien.com\\\/eu\\\/#\\\/schema\\\/logo\\\/image\\\/\",\"url\":\"https:\\\/\\\/tabernaarrien.com\\\/wp-content\\\/uploads\\\/2025\\\/11\\\/LOGO-ARRIEN-1.jpg\",\"contentUrl\":\"https:\\\/\\\/tabernaarrien.com\\\/wp-content\\\/uploads\\\/2025\\\/11\\\/LOGO-ARRIEN-1.jpg\",\"width\":1280,\"height\":454,\"caption\":\"Taberna Arrien\"},\"image\":{\"@id\":\"https:\\\/\\\/tabernaarrien.com\\\/eu\\\/#\\\/schema\\\/logo\\\/image\\\/\"}}]}<\/script>\n<!-- \/ Yoast SEO plugin. -->","yoast_head_json":{"title":"Inicio - Taberna Arrien","robots":{"index":"index","follow":"follow","max-snippet":"max-snippet:-1","max-image-preview":"max-image-preview:large","max-video-preview":"max-video-preview:-1"},"canonical":"https:\/\/tabernaarrien.com\/eu\/","og_locale":"en_US","og_type":"article","og_title":"Inicio - Taberna Arrien","og_description":"\u00a1Despierta el d\u00eda, disfruta el bocado! Sobre Nosotros \u00a1Aqu\u00ed sabe mejor! Bar situado en el centro de Gernika, donde podr\u00e1s disfrutar de un ambiente acogedor y agradable. Con m\u00e1s de 11 a\u00f1os dando servicio a nuestros clientes, esperamos hacer de tu visita una experiencia memorable. \u00a1Desayunos con mimo, bocadillos con alma! Servicios","og_url":"https:\/\/tabernaarrien.com\/eu\/","og_site_name":"Taberna Arrien","article_modified_time":"2026-03-16T15:14:39+00:00","og_image":[{"width":183,"height":191,"url":"https:\/\/tabernaarrien.com\/wp-content\/uploads\/2025\/11\/icono_web.jpg","type":"image\/jpeg"}],"twitter_card":"summary_large_image","twitter_misc":{"Est. reading time":"1 minutua"},"schema":{"@context":"https:\/\/schema.org","@graph":[{"@type":"WebPage","@id":"https:\/\/tabernaarrien.com\/","url":"https:\/\/tabernaarrien.com\/","name":"Inicio - Taberna Arrien","isPartOf":{"@id":"https:\/\/tabernaarrien.com\/eu\/#website"},"primaryImageOfPage":{"@id":"https:\/\/tabernaarrien.com\/#primaryimage"},"image":{"@id":"https:\/\/tabernaarrien.com\/#primaryimage"},"thumbnailUrl":"https:\/\/tabernaarrien.com\/wp-content\/uploads\/2025\/11\/icono_web.jpg","datePublished":"2025-11-14T10:59:56+00:00","dateModified":"2026-03-16T15:14:39+00:00","breadcrumb":{"@id":"https:\/\/tabernaarrien.com\/#breadcrumb"},"inLanguage":"eu","potentialAction":[{"@type":"ReadAction","target":["https:\/\/tabernaarrien.com\/"]}]},{"@type":"ImageObject","inLanguage":"eu","@id":"https:\/\/tabernaarrien.com\/#primaryimage","url":"https:\/\/tabernaarrien.com\/wp-content\/uploads\/2025\/11\/icono_web.jpg","contentUrl":"https:\/\/tabernaarrien.com\/wp-content\/uploads\/2025\/11\/icono_web.jpg"},{"@type":"BreadcrumbList","@id":"https:\/\/tabernaarrien.com\/#breadcrumb","itemListElement":[{"@type":"ListItem","position":1,"name":"Portada","item":"https:\/\/tabernaarrien.com\/"},{"@type":"ListItem","position":2,"name":"Inicio"}]},{"@type":"WebSite","@id":"https:\/\/tabernaarrien.com\/eu\/#website","url":"https:\/\/tabernaarrien.com\/eu\/","name":"Taberna Arrien","description":"Taberna Arrien","publisher":{"@id":"https:\/\/tabernaarrien.com\/eu\/#organization"},"potentialAction":[{"@type":"SearchAction","target":{"@type":"EntryPoint","urlTemplate":"https:\/\/tabernaarrien.com\/eu\/?s={search_term_string}"},"query-input":{"@type":"PropertyValueSpecification","valueRequired":true,"valueName":"search_term_string"}}],"inLanguage":"eu"},{"@type":"Organization","@id":"https:\/\/tabernaarrien.com\/eu\/#organization","name":"Taberna Arrien","url":"https:\/\/tabernaarrien.com\/eu\/","logo":{"@type":"ImageObject","inLanguage":"eu","@id":"https:\/\/tabernaarrien.com\/eu\/#\/schema\/logo\/image\/","url":"https:\/\/tabernaarrien.com\/wp-content\/uploads\/2025\/11\/LOGO-ARRIEN-1.jpg","contentUrl":"https:\/\/tabernaarrien.com\/wp-content\/uploads\/2025\/11\/LOGO-ARRIEN-1.jpg","width":1280,"height":454,"caption":"Taberna Arrien"},"image":{"@id":"https:\/\/tabernaarrien.com\/eu\/#\/schema\/logo\/image\/"}}]}},"_links":{"self":[{"href":"https:\/\/tabernaarrien.com\/eu\/wp-json\/wp\/v2\/pages\/2","targetHints":{"allow":["GET"]}}],"collection":[{"href":"https:\/\/tabernaarrien.com\/eu\/wp-json\/wp\/v2\/pages"}],"about":[{"href":"https:\/\/tabernaarrien.com\/eu\/wp-json\/wp\/v2\/types\/page"}],"author":[{"embeddable":true,"href":"https:\/\/tabernaarrien.com\/eu\/wp-json\/wp\/v2\/users\/1"}],"replies":[{"embeddable":true,"href":"https:\/\/tabernaarrien.com\/eu\/wp-json\/wp\/v2\/comments?post=2"}],"version-history":[{"count":214,"href":"https:\/\/tabernaarrien.com\/eu\/wp-json\/wp\/v2\/pages\/2\/revisions"}],"predecessor-version":[{"id":798,"href":"https:\/\/tabernaarrien.com\/eu\/wp-json\/wp\/v2\/pages\/2\/revisions\/798"}],"wp:attachment":[{"href":"https:\/\/tabernaarrien.com\/eu\/wp-json\/wp\/v2\/media?parent=2"}],"curies":[{"name":"wp","href":"https:\/\/api.w.org\/{rel}","templated":true}]}}